{"id":12497,"date":"2015-05-19T16:06:23","date_gmt":"2015-05-19T20:06:23","guid":{"rendered":"http:\/\/www.enxmag.com\/twii\/?page_id=12497"},"modified":"2015-06-03T22:19:10","modified_gmt":"2015-06-04T02:19:10","slug":"enx-mexico-latin-america-archives","status":"publish","type":"page","link":"http:\/\/www.enxmag.com\/twii\/enx-mexico-latin-america-archives\/","title":{"rendered":"ENX Mexico &#038; Latin America Archives"},"content":{"rendered":"<table style=\"background-color: #ffffff; border-collapse: collapse; border: 0px solid #ffffff; color: #000000; width: 100%;\" border=\"0\" cellspacing=\"5\" cellpadding=\"5\">\n<tbody>\n<tr>\n<td width=\"33%\"><a href=\"http:\/\/www.enxmag.com\/twii\/enx-magazine-mexico-latin-america-archive\/2012\/06\/enx-magazine-mexico-latin-america-numero-de-verano-otono-del-2012\/\"><img loading=\"lazy\" class=\"  aligncenter wp-image-11807\" src=\"http:\/\/www.enxmag.com\/twii\/wp-content\/uploads\/2015\/05\/cover-mexico2012_SummerFall_allsm-232x300.jpg\" alt=\"ENX MAGAZINE\" width=\"149\" height=\"202\" \/><\/a><\/td>\n<td><a href=\"http:\/\/www.enxmag.com\/twii\/enx-magazine-mexico-latin-america-archive\/2011\/11\/enx-magazine-mexico-latin-america-numero-de-invierno-2011-primavera-2012\/\"><img loading=\"lazy\" class=\"aligncenter wp-image-11119\" src=\"http:\/\/www.enxmag.com\/twii\/wp-content\/uploads\/2015\/05\/cover-ENXMEXICO_2011_2012flat-232x300.jpg\" alt=\"ENX MAGAZINE\" width=\"148\" height=\"200\" \/><\/a><\/td>\n<td width=\"33%\"><a title=\"ENX Magazine\" href=\"http:\/\/www.enxmag.com\/twii\/enx-magazine-mexico-latin-america-archive\/2010\/03\/enx-magazine-mexico-latin-america-numero-de-primavera-verano-2010\/\"><img loading=\"lazy\" class=\"aligncenter wp-image-10887\" src=\"http:\/\/www.enxmag.com\/twii\/wp-content\/uploads\/2015\/05\/Cover-Mexico-Nu\u0301mero-de-Primavera-Verano-2010-227x300.jpg\" alt=\"ENX MAGAZINE\" width=\"149\" height=\"200\" \/><\/a><\/td>\n<\/tr>\n<tr>\n<td style=\"text-align: center;\" width=\"33%\">N\u00famero de Verano \/<br \/>\nOto\u00f1o del 2012<\/td>\n<td style=\"text-align: center;\">N\u00famero de Invierno 2011 \/ Primavera 2012<\/td>\n<td style=\"text-align: center;\">N\u00famero de Primavera \/<br \/>\nVerano 2010<\/td>\n<\/tr>\n<\/tbody>\n<\/table>\n<table style=\"background-color: #ffffff; border-collapse: collapse; border: 0px solid #ffffff; color: #000000; width: 100%;\" border=\"0\" cellspacing=\"5\" cellpadding=\"5\">\n<tbody>\n<tr>\n<td width=\"33%\"><a title=\"ENX Magazine November 2014 Issue\" href=\"http:\/\/www.enxmag.com\/twii\/enx-magazine-mexico-latin-america-archive\/2008\/06\/enx-magazine-mexico-latin-america-numero-de-verano-del-2008\/\"><img loading=\"lazy\" class=\"aligncenter wp-image-9865\" src=\"http:\/\/www.enxmag.com\/twii\/wp-content\/uploads\/2015\/05\/Cover-ENX-Mexico-Latin-America-Summer-2008-Magazine-by-ENX-Magazine-225x300.jpg\" alt=\"ENX MAGAZINE\" width=\"150\" height=\"200\" \/><\/a><\/td>\n<td><a title=\"ENX Magazine December 2014 Issue\" href=\"http:\/\/www.enxmag.com\/twii\/enx-magazine-mexico-latin-america-archive\/2008\/09\/enx-magazine-mexico-latin-america-numero-de-otonoinvierno-2008\/\"><img loading=\"lazy\" class=\"aligncenter wp-image-10511\" src=\"http:\/\/www.enxmag.com\/twii\/wp-content\/uploads\/2015\/05\/XENX-Magazine-Mexico-Latin-America-\u2013-Nu\u0301mero-de-Oton\u0303o_Invierno-2008.jpg\" alt=\"ENX MAGAZINE\" width=\"150\" height=\"202\" \/><\/a><\/td>\n<td width=\"33%\"><\/td>\n<\/tr>\n<tr>\n<td style=\"text-align: center;\" width=\"33%\">N\u00famero de Verano del 2008<\/td>\n<td style=\"text-align: center;\">N\u00famero de Oto\u00f1o \/ Invierno 2008<\/td>\n<td style=\"text-align: center;\"><\/td>\n<\/tr>\n<\/tbody>\n<\/table>\n","protected":false},"excerpt":{"rendered":"<p>N\u00famero de Verano \/ Oto\u00f1o del 2012 N\u00famero de Invierno 2011 \/ Primavera 2012 N\u00famero de Primavera \/ Verano 2010 N\u00famero de Verano del 2008 N\u00famero de Oto\u00f1o \/ Invierno 2008<\/p>\n","protected":false},"author":66,"featured_media":0,"parent":0,"menu_order":0,"comment_status":"open","ping_status":"closed","template":"","meta":[],"_links":{"self":[{"href":"http:\/\/www.enxmag.com\/twii\/wp-json\/wp\/v2\/pages\/12497"}],"collection":[{"href":"http:\/\/www.enxmag.com\/twii\/wp-json\/wp\/v2\/pages"}],"about":[{"href":"http:\/\/www.enxmag.com\/twii\/wp-json\/wp\/v2\/types\/page"}],"author":[{"embeddable":true,"href":"http:\/\/www.enxmag.com\/twii\/wp-json\/wp\/v2\/users\/66"}],"replies":[{"embeddable":true,"href":"http:\/\/www.enxmag.com\/twii\/wp-json\/wp\/v2\/comments?post=12497"}],"version-history":[{"count":7,"href":"http:\/\/www.enxmag.com\/twii\/wp-json\/wp\/v2\/pages\/12497\/revisions"}],"predecessor-version":[{"id":13149,"href":"http:\/\/www.enxmag.com\/twii\/wp-json\/wp\/v2\/pages\/12497\/revisions\/13149"}],"wp:attachment":[{"href":"http:\/\/www.enxmag.com\/twii\/wp-json\/wp\/v2\/media?parent=12497"}],"curies":[{"name":"wp","href":"https:\/\/api.w.org\/{rel}","templated":true}]}}